{"id":1350,"date":"2024-05-09T14:55:26","date_gmt":"2024-05-09T14:55:26","guid":{"rendered":"https:\/\/processin-di-scarto.hr\/?page_id=1350"},"modified":"2024-05-31T08:49:23","modified_gmt":"2024-05-31T08:49:23","slug":"impressum","status":"publish","type":"page","link":"https:\/\/processin-di-scarto.hr\/en\/impressum\/","title":{"rendered":"Impressum"},"content":{"rendered":"<div data-elementor-type=\"wp-post\" data-elementor-id=\"1350\" class=\"elementor elementor-1350\">\n\t\t\t\t<div class=\"elementor-element elementor-element-28756bf e-flex e-con-boxed e-con e-parent\" data-id=\"28756bf\" data-element_type=\"container\" data-settings=\"{&quot;background_background&quot;:&quot;classic&quot;}\">\n\t\t\t\t\t<div class=\"e-con-inner\">\n\t\t<div class=\"elementor-element elementor-element-fc4258e e-con-full e-flex e-con e-child\" data-id=\"fc4258e\" data-element_type=\"container\">\n\t\t\t\t<div class=\"elementor-element elementor-element-df009b4 elementor-widget elementor-widget-heading\" data-id=\"df009b4\" data-element_type=\"widget\" data-widget_type=\"heading.default\">\n\t\t\t\t<div class=\"elementor-widget-container\">\n\t\t\t<style>\/*! elementor - v3.21.0 - 30-04-2024 *\/\n.elementor-heading-title{padding:0;margin:0;line-height:1}.elementor-widget-heading .elementor-heading-title[class*=elementor-size-]>a{color:inherit;font-size:inherit;line-height:inherit}.elementor-widget-heading .elementor-heading-title.elementor-size-small{font-size:15px}.elementor-widget-heading .elementor-heading-title.elementor-size-medium{font-size:19px}.elementor-widget-heading .elementor-heading-title.elementor-size-large{font-size:29px}.elementor-widget-heading .elementor-heading-title.elementor-size-xl{font-size:39px}.elementor-widget-heading .elementor-heading-title.elementor-size-xxl{font-size:59px}<\/style><h1 class=\"elementor-heading-title elementor-size-default\">Impressum<\/h1>\t\t<\/div>\n\t\t\t\t<\/div>\n\t\t\t\t<\/div>\n\t\t\t\t\t<\/div>\n\t\t\t\t<\/div>\n\t\t<div class=\"elementor-element elementor-element-f32e6a4 e-flex e-con-boxed e-con e-parent\" data-id=\"f32e6a4\" data-element_type=\"container\">\n\t\t\t\t\t<div class=\"e-con-inner\">\n\t\t\t\t<div class=\"elementor-element elementor-element-f94f8fb elementor-widget elementor-widget-text-editor\" data-id=\"f94f8fb\" data-element_type=\"widget\" data-widget_type=\"text-editor.default\">\n\t\t\t\t<div class=\"elementor-widget-container\">\n\t\t\t<style>\/*! elementor - v3.21.0 - 30-04-2024 *\/\n.elementor-widget-text-editor.elementor-drop-cap-view-stacked .elementor-drop-cap{background-color:#69727d;color:#fff}.elementor-widget-text-editor.elementor-drop-cap-view-framed .elementor-drop-cap{color:#69727d;border:3px solid;background-color:transparent}.elementor-widget-text-editor:not(.elementor-drop-cap-view-default) .elementor-drop-cap{margin-top:8px}.elementor-widget-text-editor:not(.elementor-drop-cap-view-default) .elementor-drop-cap-letter{width:1em;height:1em}.elementor-widget-text-editor .elementor-drop-cap{float:left;text-align:center;line-height:1;font-size:50px}.elementor-widget-text-editor .elementor-drop-cap-letter{display:inline-block}<\/style>\t\t\t\t<p><b>Naziv<\/b>: PROCESSIN DI SCARTO d.o.o., vl. Tomislav Kraljik,&nbsp;Ulica kralja Tomislava 20, Bilje<\/p>\n<p><b>OIB<\/b>: 75927725051<\/p>\n<p><b>MB<\/b>:&nbsp;04187997<\/p>\n<p><b>IBAN<\/b>:&nbsp;HR44 2360 0001 1024 0923 4<\/p>\t\t\t\t\t\t<\/div>\n\t\t\t\t<\/div>\n\t\t\t\t\t<\/div>\n\t\t\t\t<\/div>\n\t\t\t\t<\/div>","protected":false},"excerpt":{"rendered":"<p>Impressum Naziv: PROCESSIN DI SCARTO d.o.o., vl. Tomislav Kraljik,&nbsp;Ulica kralja Tomislava 20, Bilje OIB: 75927725051 MB:&nbsp;04187997 IBAN:&nbsp;HR44 2360 0001 1024 0923 4<\/p>","protected":false},"author":1,"featured_media":0,"parent":0,"menu_order":0,"comment_status":"closed","ping_status":"closed","template":"","meta":{"_uag_custom_page_level_css":"","site-sidebar-layout":"no-sidebar","site-content-layout":"page-builder","ast-site-content-layout":"full-width-container","site-content-style":"unboxed","site-sidebar-style":"unboxed","ast-global-header-display":"","ast-banner-title-visibility":"","ast-main-header-display":"","ast-hfb-above-header-display":"","ast-hfb-below-header-display":"","ast-hfb-mobile-header-display":"","site-post-title":"disabled","ast-breadcrumbs-content":"","ast-featured-img":"disabled","footer-sml-layout":"","theme-transparent-header-meta":"enabled","adv-header-id-meta":"","stick-header-meta":"","header-above-stick-meta":"","header-main-stick-meta":"","header-below-stick-meta":"","astra-migrate-meta-layouts":"set","ast-page-background-enabled":"default","ast-page-background-meta":{"desktop":{"background-color":"","background-image":"","background-repeat":"repeat","background-position":"center center","background-size":"auto","background-attachment":"scroll","background-type":"","background-media":"","overlay-type":"","overlay-color":"","overlay-gradient":""},"tablet":{"background-color":"","background-image":"","background-repeat":"repeat","background-position":"center center","background-size":"auto","background-attachment":"scroll","background-type":"","background-media":"","overlay-type":"","overlay-color":"","overlay-gradient":""},"mobile":{"background-color":"","background-image":"","background-repeat":"repeat","background-position":"center center","background-size":"auto","background-attachment":"scroll","background-type":"","background-media":"","overlay-type":"","overlay-color":"","overlay-gradient":""}},"ast-content-background-meta":{"desktop":{"background-color":"var(--ast-global-color-5)","background-image":"","background-repeat":"repeat","background-position":"center center","background-size":"auto","background-attachment":"scroll","background-type":"","background-media":"","overlay-type":"","overlay-color":"","overlay-gradient":""},"tablet":{"background-color":"var(--ast-global-color-5)","background-image":"","background-repeat":"repeat","background-position":"center center","background-size":"auto","background-attachment":"scroll","background-type":"","background-media":"","overlay-type":"","overlay-color":"","overlay-gradient":""},"mobile":{"background-color":"var(--ast-global-color-5)","background-image":"","background-repeat":"repeat","background-position":"center center","background-size":"auto","background-attachment":"scroll","background-type":"","background-media":"","overlay-type":"","overlay-color":"","overlay-gradient":""}},"footnotes":""},"class_list":["post-1350","page","type-page","status-publish","hentry"],"yoast_head":"<!-- This site is optimized with the Yoast SEO plugin v22.8 - https:\/\/yoast.com\/wordpress\/plugins\/seo\/ -->\n<title>Impressum - PROCESSIN DI SCARTO<\/title>\n<meta name=\"description\" content=\"PROCESSIN DI SCARTO -Dugogodi\u0161nje iskustvo s gospodarenjem neopasnog otpada koje obuhva\u0107a sve korake u procesu, od sakupljanja do zbrinjavanja, uz naglasak na odr\u017eivost i za\u0161titu okoli\u0161a.\" \/>\n<meta name=\"robots\" content=\"index, follow, max-snippet:-1, max-image-preview:large, max-video-preview:-1\" \/>\n<link rel=\"canonical\" href=\"https:\/\/processin-di-scarto.hr\/en\/impressum\/\" \/>\n<meta property=\"og:locale\" content=\"en_GB\" \/>\n<meta property=\"og:type\" content=\"article\" \/>\n<meta property=\"og:title\" content=\"Impressum - PROCESSIN DI SCARTO\" \/>\n<meta property=\"og:description\" content=\"PROCESSIN DI SCARTO -Dugogodi\u0161nje iskustvo s gospodarenjem neopasnog otpada koje obuhva\u0107a sve korake u procesu, od sakupljanja do zbrinjavanja, uz naglasak na odr\u017eivost i za\u0161titu okoli\u0161a.\" \/>\n<meta property=\"og:url\" content=\"https:\/\/processin-di-scarto.hr\/en\/impressum\/\" \/>\n<meta property=\"og:site_name\" content=\"PROCESSIN DI SCARTO\" \/>\n<meta property=\"article:modified_time\" content=\"2024-05-31T08:49:23+00:00\" \/>\n<meta name=\"twitter:card\" content=\"summary_large_image\" \/>\n<meta name=\"twitter:label1\" content=\"Estimated reading time\" \/>\n\t<meta name=\"twitter:data1\" content=\"1 minute\" \/>\n<script type=\"application\/ld+json\" class=\"yoast-schema-graph\">{\"@context\":\"https:\/\/schema.org\",\"@graph\":[{\"@type\":\"WebPage\",\"@id\":\"https:\/\/processin-di-scarto.hr\/impressum\/\",\"url\":\"https:\/\/processin-di-scarto.hr\/impressum\/\",\"name\":\"Impressum - PROCESSIN DI SCARTO\",\"isPartOf\":{\"@id\":\"https:\/\/processin-di-scarto.hr\/#website\"},\"datePublished\":\"2024-05-09T14:55:26+00:00\",\"dateModified\":\"2024-05-31T08:49:23+00:00\",\"description\":\"PROCESSIN DI SCARTO -Dugogodi\u0161nje iskustvo s gospodarenjem neopasnog otpada koje obuhva\u0107a sve korake u procesu, od sakupljanja do zbrinjavanja, uz naglasak na odr\u017eivost i za\u0161titu okoli\u0161a.\",\"breadcrumb\":{\"@id\":\"https:\/\/processin-di-scarto.hr\/impressum\/#breadcrumb\"},\"inLanguage\":\"en-GB\",\"potentialAction\":[{\"@type\":\"ReadAction\",\"target\":[\"https:\/\/processin-di-scarto.hr\/impressum\/\"]}]},{\"@type\":\"BreadcrumbList\",\"@id\":\"https:\/\/processin-di-scarto.hr\/impressum\/#breadcrumb\",\"itemListElement\":[{\"@type\":\"ListItem\",\"position\":1,\"name\":\"Home\",\"item\":\"https:\/\/processin-di-scarto.hr\/\"},{\"@type\":\"ListItem\",\"position\":2,\"name\":\"Impressum\"}]},{\"@type\":\"WebSite\",\"@id\":\"https:\/\/processin-di-scarto.hr\/#website\",\"url\":\"https:\/\/processin-di-scarto.hr\/\",\"name\":\"PROCESSIN DI SCARTO\",\"description\":\"Zbrinjavanje Neopasnog Otpada\",\"publisher\":{\"@id\":\"https:\/\/processin-di-scarto.hr\/#organization\"},\"potentialAction\":[{\"@type\":\"SearchAction\",\"target\":{\"@type\":\"EntryPoint\",\"urlTemplate\":\"https:\/\/processin-di-scarto.hr\/?s={search_term_string}\"},\"query-input\":\"required name=search_term_string\"}],\"inLanguage\":\"en-GB\"},{\"@type\":\"Organization\",\"@id\":\"https:\/\/processin-di-scarto.hr\/#organization\",\"name\":\"PROCESSIN DI SCARTO\",\"url\":\"https:\/\/processin-di-scarto.hr\/\",\"logo\":{\"@type\":\"ImageObject\",\"inLanguage\":\"en-GB\",\"@id\":\"https:\/\/processin-di-scarto.hr\/#\/schema\/logo\/image\/\",\"url\":\"https:\/\/processin-di-scarto.hr\/wp-content\/uploads\/2024\/10\/pds2-1.png\",\"contentUrl\":\"https:\/\/processin-di-scarto.hr\/wp-content\/uploads\/2024\/10\/pds2-1.png\",\"width\":487,\"height\":118,\"caption\":\"PROCESSIN DI SCARTO\"},\"image\":{\"@id\":\"https:\/\/processin-di-scarto.hr\/#\/schema\/logo\/image\/\"}}]}<\/script>\n<!-- \/ Yoast SEO plugin. -->","yoast_head_json":{"title":"Impressum - PROCESSIN DI SCARTO","description":"PROCESSIN DI SCARTO -Dugogodi\u0161nje iskustvo s gospodarenjem neopasnog otpada koje obuhva\u0107a sve korake u procesu, od sakupljanja do zbrinjavanja, uz naglasak na odr\u017eivost i za\u0161titu okoli\u0161a.","robots":{"index":"index","follow":"follow","max-snippet":"max-snippet:-1","max-image-preview":"max-image-preview:large","max-video-preview":"max-video-preview:-1"},"canonical":"https:\/\/processin-di-scarto.hr\/en\/impressum\/","og_locale":"en_GB","og_type":"article","og_title":"Impressum - PROCESSIN DI SCARTO","og_description":"PROCESSIN DI SCARTO -Dugogodi\u0161nje iskustvo s gospodarenjem neopasnog otpada koje obuhva\u0107a sve korake u procesu, od sakupljanja do zbrinjavanja, uz naglasak na odr\u017eivost i za\u0161titu okoli\u0161a.","og_url":"https:\/\/processin-di-scarto.hr\/en\/impressum\/","og_site_name":"PROCESSIN DI SCARTO","article_modified_time":"2024-05-31T08:49:23+00:00","twitter_card":"summary_large_image","twitter_misc":{"Estimated reading time":"1 minute"},"schema":{"@context":"https:\/\/schema.org","@graph":[{"@type":"WebPage","@id":"https:\/\/processin-di-scarto.hr\/impressum\/","url":"https:\/\/processin-di-scarto.hr\/impressum\/","name":"Impressum - PROCESSIN DI SCARTO","isPartOf":{"@id":"https:\/\/processin-di-scarto.hr\/#website"},"datePublished":"2024-05-09T14:55:26+00:00","dateModified":"2024-05-31T08:49:23+00:00","description":"PROCESSIN DI SCARTO -Dugogodi\u0161nje iskustvo s gospodarenjem neopasnog otpada koje obuhva\u0107a sve korake u procesu, od sakupljanja do zbrinjavanja, uz naglasak na odr\u017eivost i za\u0161titu okoli\u0161a.","breadcrumb":{"@id":"https:\/\/processin-di-scarto.hr\/impressum\/#breadcrumb"},"inLanguage":"en-GB","potentialAction":[{"@type":"ReadAction","target":["https:\/\/processin-di-scarto.hr\/impressum\/"]}]},{"@type":"BreadcrumbList","@id":"https:\/\/processin-di-scarto.hr\/impressum\/#breadcrumb","itemListElement":[{"@type":"ListItem","position":1,"name":"Home","item":"https:\/\/processin-di-scarto.hr\/"},{"@type":"ListItem","position":2,"name":"Impressum"}]},{"@type":"WebSite","@id":"https:\/\/processin-di-scarto.hr\/#website","url":"https:\/\/processin-di-scarto.hr\/","name":"PROCESSIN DI SCARTO","description":"Zbrinjavanje Neopasnog Otpada","publisher":{"@id":"https:\/\/processin-di-scarto.hr\/#organization"},"potentialAction":[{"@type":"SearchAction","target":{"@type":"EntryPoint","urlTemplate":"https:\/\/processin-di-scarto.hr\/?s={search_term_string}"},"query-input":"required name=search_term_string"}],"inLanguage":"en-GB"},{"@type":"Organization","@id":"https:\/\/processin-di-scarto.hr\/#organization","name":"PROCESSIN DI SCARTO","url":"https:\/\/processin-di-scarto.hr\/","logo":{"@type":"ImageObject","inLanguage":"en-GB","@id":"https:\/\/processin-di-scarto.hr\/#\/schema\/logo\/image\/","url":"https:\/\/processin-di-scarto.hr\/wp-content\/uploads\/2024\/10\/pds2-1.png","contentUrl":"https:\/\/processin-di-scarto.hr\/wp-content\/uploads\/2024\/10\/pds2-1.png","width":487,"height":118,"caption":"PROCESSIN DI SCARTO"},"image":{"@id":"https:\/\/processin-di-scarto.hr\/#\/schema\/logo\/image\/"}}]}},"uagb_featured_image_src":{"full":false,"thumbnail":false,"medium":false,"medium_large":false,"large":false,"1536x1536":false,"2048x2048":false,"trp-custom-language-flag":false},"uagb_author_info":{"display_name":"processinadmin","author_link":"https:\/\/processin-di-scarto.hr\/en\/author\/processinadmin\/"},"uagb_comment_info":0,"uagb_excerpt":"Impressum Naziv: PROCESSIN DI SCARTO d.o.o., vl. Tomislav Kraljik,&nbsp;Ulica kralja Tomislava 20, Bilje OIB: 75927725051 MB:&nbsp;04187997 IBAN:&nbsp;HR44 2360 0001 1024 0923 4","_links":{"self":[{"href":"https:\/\/processin-di-scarto.hr\/en\/wp-json\/wp\/v2\/pages\/1350","targetHints":{"allow":["GET"]}}],"collection":[{"href":"https:\/\/processin-di-scarto.hr\/en\/wp-json\/wp\/v2\/pages"}],"about":[{"href":"https:\/\/processin-di-scarto.hr\/en\/wp-json\/wp\/v2\/types\/page"}],"author":[{"embeddable":true,"href":"https:\/\/processin-di-scarto.hr\/en\/wp-json\/wp\/v2\/users\/1"}],"replies":[{"embeddable":true,"href":"https:\/\/processin-di-scarto.hr\/en\/wp-json\/wp\/v2\/comments?post=1350"}],"version-history":[{"count":10,"href":"https:\/\/processin-di-scarto.hr\/en\/wp-json\/wp\/v2\/pages\/1350\/revisions"}],"predecessor-version":[{"id":1531,"href":"https:\/\/processin-di-scarto.hr\/en\/wp-json\/wp\/v2\/pages\/1350\/revisions\/1531"}],"wp:attachment":[{"href":"https:\/\/processin-di-scarto.hr\/en\/wp-json\/wp\/v2\/media?parent=1350"}],"curies":[{"name":"wp","href":"https:\/\/api.w.org\/{rel}","templated":true}]}}