{"id":1340,"date":"2024-05-09T14:51:46","date_gmt":"2024-05-09T14:51:46","guid":{"rendered":"https:\/\/processin-di-scarto.hr\/?page_id=1340"},"modified":"2024-05-31T11:37:36","modified_gmt":"2024-05-31T11:37:36","slug":"polica-privatnosti","status":"publish","type":"page","link":"https:\/\/processin-di-scarto.hr\/en\/polica-privatnosti\/","title":{"rendered":"Privacy Policy"},"content":{"rendered":"<div data-elementor-type=\"wp-post\" data-elementor-id=\"1340\" class=\"elementor elementor-1340\">\n\t\t\t\t<div class=\"elementor-element elementor-element-28756bf e-flex e-con-boxed e-con e-parent\" data-id=\"28756bf\" data-element_type=\"container\" data-settings=\"{&quot;background_background&quot;:&quot;classic&quot;}\">\n\t\t\t\t\t<div class=\"e-con-inner\">\n\t\t<div class=\"elementor-element elementor-element-fc4258e e-con-full e-flex e-con e-child\" data-id=\"fc4258e\" data-element_type=\"container\">\n\t\t\t\t<div class=\"elementor-element elementor-element-df009b4 elementor-widget elementor-widget-heading\" data-id=\"df009b4\" data-element_type=\"widget\" data-widget_type=\"heading.default\">\n\t\t\t\t<div class=\"elementor-widget-container\">\n\t\t\t<style>\/*! elementor - v3.21.0 - 30-04-2024 *\/\n.elementor-heading-title{padding:0;margin:0;line-height:1}.elementor-widget-heading .elementor-heading-title[class*=elementor-size-]>a{color:inherit;font-size:inherit;line-height:inherit}.elementor-widget-heading .elementor-heading-title.elementor-size-small{font-size:15px}.elementor-widget-heading .elementor-heading-title.elementor-size-medium{font-size:19px}.elementor-widget-heading .elementor-heading-title.elementor-size-large{font-size:29px}.elementor-widget-heading .elementor-heading-title.elementor-size-xl{font-size:39px}.elementor-widget-heading .elementor-heading-title.elementor-size-xxl{font-size:59px}<\/style><h1 class=\"elementor-heading-title elementor-size-default\">Privacy Policy<\/h1>\t\t<\/div>\n\t\t\t\t<\/div>\n\t\t\t\t<\/div>\n\t\t\t\t\t<\/div>\n\t\t\t\t<\/div>\n\t\t<div class=\"elementor-element elementor-element-f32e6a4 e-flex e-con-boxed e-con e-parent\" data-id=\"f32e6a4\" data-element_type=\"container\">\n\t\t\t\t\t<div class=\"e-con-inner\">\n\t\t\t\t<div class=\"elementor-element elementor-element-f94f8fb elementor-widget elementor-widget-text-editor\" data-id=\"f94f8fb\" data-element_type=\"widget\" data-widget_type=\"text-editor.default\">\n\t\t\t\t<div class=\"elementor-widget-container\">\n\t\t\t<style>\/*! elementor - v3.21.0 - 30-04-2024 *\/\n.elementor-widget-text-editor.elementor-drop-cap-view-stacked .elementor-drop-cap{background-color:#69727d;color:#fff}.elementor-widget-text-editor.elementor-drop-cap-view-framed .elementor-drop-cap{color:#69727d;border:3px solid;background-color:transparent}.elementor-widget-text-editor:not(.elementor-drop-cap-view-default) .elementor-drop-cap{margin-top:8px}.elementor-widget-text-editor:not(.elementor-drop-cap-view-default) .elementor-drop-cap-letter{width:1em;height:1em}.elementor-widget-text-editor .elementor-drop-cap{float:left;text-align:center;line-height:1;font-size:50px}.elementor-widget-text-editor .elementor-drop-cap-letter{display:inline-block}<\/style>\t\t\t\t<p>Hvala vam \u0161to posje\u0107ujete web stranicu \u201chttps:\/\/processin-di-scarto.hr\/\u201d. Ova Polica privatnosti ima za cilj informirati vas o tome kako se prikupljaju, koriste i \u010duvaju informacije korisnika na ovoj web stranici. Ova web stranica koristi samo osnovne \u201ckola\u010di\u0107e\u201d kako bi pobolj\u0161ala korisni\u010dko iskustvo.<\/p>\n<p><b>Prikupljanje i upotreba podataka<\/b><\/p>\n<p><b>Kola\u010di\u0107i:<\/b>&nbsp;Kola\u010di\u0107i su male datoteke privremeno pohranjene na va\u0161em ure\u0111aju kako bi se pobolj\u0161alo korisni\u010dko iskustvo tijekom pregledavanja ove web stranice. Kola\u010di\u0107i se koriste za pra\u0107enje anonimnih podataka o posjetiteljima, kao \u0161to su broj posjeta, omiljene stranice i druge statisti\u010dke informacije. Ovi kola\u010di\u0107i ne prikupljaju niti pohranjuju osobne podatke.<\/p>\n<p><b>Odbijanje ili brisanje kola\u010di\u0107a<br><\/b>Mo\u017eete konfigurirati svoj web preglednik kako bi odbio kola\u010di\u0107e ili vas obavijestio kada kola\u010di\u0107i budu poslani na va\u0161 ure\u0111aj. Me\u0111utim, imajte na umu da to mo\u017ee utjecati na funkcionalnost i izgled ove web stranice<\/p>\n<p><b>Sigurnost podataka<br><\/b>Va\u0161a sigurnost i povjerljivost su nam od iznimne va\u017enosti. Sve informacije prikupljene putem kola\u010di\u0107a sigurno se pohranjuju i ne dijele se s tre\u0107im stranama.<\/p>\n<p><b>Contact<br><\/b>Ako imate bilo kakvih pitanja ili zabrinutosti o ovoj Politici privatnosti ili o na\u010dinu obrade podataka, slobodno nas kontaktirajte putem sljede\u0107ih kontaktnih informacija:<\/p>\n<p><b>E-mail:<\/b>&nbsp;processindiscarto@yahoo.com.hr<br><b>Adresa:&nbsp;<\/b>Ulica kralja Tomislava 20, Bilje<\/p>\n<p>Va\u0161a privatnost nam je va\u017ena, i posve\u0107eni smo za\u0161titi va\u0161ih podataka i osiguranju da va\u0161e iskustvo na web stranici \u201chttps:\/\/processin-di-scarto.hr\/\u201d bude sigurno i ugodno.<br>Ova Polica privatnosti mo\u017ee se a\u017eurirati ili mijenjati s vremena na vrijeme. Molimo vas da povremeno provjeravate ovu stranicu kako biste bili informirani o bilo kakvim promjenama. Va\u0161a daljnja upotreba ove web stranice nakon takvih promjena smatrat \u0107e se prihva\u0107anjem tih promjena.\u201d<\/p>\t\t\t\t\t\t<\/div>\n\t\t\t\t<\/div>\n\t\t\t\t\t<\/div>\n\t\t\t\t<\/div>\n\t\t\t\t<\/div>","protected":false},"excerpt":{"rendered":"<p>Polica Privatnosti Hvala vam \u0161to posje\u0107ujete web stranicu \u201chttps:\/\/processin-di-scarto.hr\/\u201d. Ova Polica privatnosti ima za cilj informirati vas o tome kako se prikupljaju, koriste i \u010duvaju informacije korisnika na ovoj web stranici. Ova web stranica koristi samo osnovne \u201ckola\u010di\u0107e\u201d kako bi pobolj\u0161ala korisni\u010dko iskustvo. Prikupljanje i upotreba podataka Kola\u010di\u0107i:&nbsp;Kola\u010di\u0107i su male datoteke privremeno pohranjene na va\u0161em [&hellip;]<\/p>","protected":false},"author":1,"featured_media":0,"parent":0,"menu_order":0,"comment_status":"closed","ping_status":"closed","template":"","meta":{"_uag_custom_page_level_css":"","site-sidebar-layout":"no-sidebar","site-content-layout":"page-builder","ast-site-content-layout":"full-width-container","site-content-style":"unboxed","site-sidebar-style":"unboxed","ast-global-header-display":"","ast-banner-title-visibility":"","ast-main-header-display":"","ast-hfb-above-header-display":"","ast-hfb-below-header-display":"","ast-hfb-mobile-header-display":"","site-post-title":"disabled","ast-breadcrumbs-content":"","ast-featured-img":"disabled","footer-sml-layout":"","theme-transparent-header-meta":"enabled","adv-header-id-meta":"","stick-header-meta":"","header-above-stick-meta":"","header-main-stick-meta":"","header-below-stick-meta":"","astra-migrate-meta-layouts":"set","ast-page-background-enabled":"default","ast-page-background-meta":{"desktop":{"background-color":"","background-image":"","background-repeat":"repeat","background-position":"center center","background-size":"auto","background-attachment":"scroll","background-type":"","background-media":"","overlay-type":"","overlay-color":"","overlay-gradient":""},"tablet":{"background-color":"","background-image":"","background-repeat":"repeat","background-position":"center center","background-size":"auto","background-attachment":"scroll","background-type":"","background-media":"","overlay-type":"","overlay-color":"","overlay-gradient":""},"mobile":{"background-color":"","background-image":"","background-repeat":"repeat","background-position":"center center","background-size":"auto","background-attachment":"scroll","background-type":"","background-media":"","overlay-type":"","overlay-color":"","overlay-gradient":""}},"ast-content-background-meta":{"desktop":{"background-color":"var(--ast-global-color-5)","background-image":"","background-repeat":"repeat","background-position":"center center","background-size":"auto","background-attachment":"scroll","background-type":"","background-media":"","overlay-type":"","overlay-color":"","overlay-gradient":""},"tablet":{"background-color":"var(--ast-global-color-5)","background-image":"","background-repeat":"repeat","background-position":"center center","background-size":"auto","background-attachment":"scroll","background-type":"","background-media":"","overlay-type":"","overlay-color":"","overlay-gradient":""},"mobile":{"background-color":"var(--ast-global-color-5)","background-image":"","background-repeat":"repeat","background-position":"center center","background-size":"auto","background-attachment":"scroll","background-type":"","background-media":"","overlay-type":"","overlay-color":"","overlay-gradient":""}},"footnotes":""},"class_list":["post-1340","page","type-page","status-publish","hentry"],"yoast_head":"<!-- This site is optimized with the Yoast SEO plugin v22.8 - https:\/\/yoast.com\/wordpress\/plugins\/seo\/ -->\n<title>Polica Privatnosti - PROCESSIN DI SCARTO<\/title>\n<meta name=\"description\" content=\"PROCESSIN DI SCARTO -Dugogodi\u0161nje iskustvo s gospodarenjem neopasnog otpada koje obuhva\u0107a sve korake u procesu, od sakupljanja do zbrinjavanja, uz naglasak na odr\u017eivost i za\u0161titu okoli\u0161a.\" \/>\n<meta name=\"robots\" content=\"index, follow, max-snippet:-1, max-image-preview:large, max-video-preview:-1\" \/>\n<link rel=\"canonical\" href=\"https:\/\/processin-di-scarto.hr\/en\/polica-privatnosti\/\" \/>\n<meta property=\"og:locale\" content=\"en_GB\" \/>\n<meta property=\"og:type\" content=\"article\" \/>\n<meta property=\"og:title\" content=\"Polica Privatnosti - PROCESSIN DI SCARTO\" \/>\n<meta property=\"og:description\" content=\"PROCESSIN DI SCARTO -Dugogodi\u0161nje iskustvo s gospodarenjem neopasnog otpada koje obuhva\u0107a sve korake u procesu, od sakupljanja do zbrinjavanja, uz naglasak na odr\u017eivost i za\u0161titu okoli\u0161a.\" \/>\n<meta property=\"og:url\" content=\"https:\/\/processin-di-scarto.hr\/en\/polica-privatnosti\/\" \/>\n<meta property=\"og:site_name\" content=\"PROCESSIN DI SCARTO\" \/>\n<meta property=\"article:modified_time\" content=\"2024-05-31T11:37:36+00:00\" \/>\n<meta name=\"twitter:card\" content=\"summary_large_image\" \/>\n<meta name=\"twitter:label1\" content=\"Estimated reading time\" \/>\n\t<meta name=\"twitter:data1\" content=\"2 minutes\" \/>\n<script type=\"application\/ld+json\" class=\"yoast-schema-graph\">{\"@context\":\"https:\/\/schema.org\",\"@graph\":[{\"@type\":\"WebPage\",\"@id\":\"https:\/\/processin-di-scarto.hr\/polica-privatnosti\/\",\"url\":\"https:\/\/processin-di-scarto.hr\/polica-privatnosti\/\",\"name\":\"Polica Privatnosti - PROCESSIN DI SCARTO\",\"isPartOf\":{\"@id\":\"https:\/\/processin-di-scarto.hr\/#website\"},\"datePublished\":\"2024-05-09T14:51:46+00:00\",\"dateModified\":\"2024-05-31T11:37:36+00:00\",\"description\":\"PROCESSIN DI SCARTO -Dugogodi\u0161nje iskustvo s gospodarenjem neopasnog otpada koje obuhva\u0107a sve korake u procesu, od sakupljanja do zbrinjavanja, uz naglasak na odr\u017eivost i za\u0161titu okoli\u0161a.\",\"breadcrumb\":{\"@id\":\"https:\/\/processin-di-scarto.hr\/polica-privatnosti\/#breadcrumb\"},\"inLanguage\":\"en-GB\",\"potentialAction\":[{\"@type\":\"ReadAction\",\"target\":[\"https:\/\/processin-di-scarto.hr\/polica-privatnosti\/\"]}]},{\"@type\":\"BreadcrumbList\",\"@id\":\"https:\/\/processin-di-scarto.hr\/polica-privatnosti\/#breadcrumb\",\"itemListElement\":[{\"@type\":\"ListItem\",\"position\":1,\"name\":\"Home\",\"item\":\"https:\/\/processin-di-scarto.hr\/\"},{\"@type\":\"ListItem\",\"position\":2,\"name\":\"Polica Privatnosti\"}]},{\"@type\":\"WebSite\",\"@id\":\"https:\/\/processin-di-scarto.hr\/#website\",\"url\":\"https:\/\/processin-di-scarto.hr\/\",\"name\":\"PROCESSIN DI SCARTO\",\"description\":\"Zbrinjavanje Neopasnog Otpada\",\"publisher\":{\"@id\":\"https:\/\/processin-di-scarto.hr\/#organization\"},\"potentialAction\":[{\"@type\":\"SearchAction\",\"target\":{\"@type\":\"EntryPoint\",\"urlTemplate\":\"https:\/\/processin-di-scarto.hr\/?s={search_term_string}\"},\"query-input\":\"required name=search_term_string\"}],\"inLanguage\":\"en-GB\"},{\"@type\":\"Organization\",\"@id\":\"https:\/\/processin-di-scarto.hr\/#organization\",\"name\":\"PROCESSIN DI SCARTO\",\"url\":\"https:\/\/processin-di-scarto.hr\/\",\"logo\":{\"@type\":\"ImageObject\",\"inLanguage\":\"en-GB\",\"@id\":\"https:\/\/processin-di-scarto.hr\/#\/schema\/logo\/image\/\",\"url\":\"https:\/\/processin-di-scarto.hr\/wp-content\/uploads\/2024\/10\/pds2-1.png\",\"contentUrl\":\"https:\/\/processin-di-scarto.hr\/wp-content\/uploads\/2024\/10\/pds2-1.png\",\"width\":487,\"height\":118,\"caption\":\"PROCESSIN DI SCARTO\"},\"image\":{\"@id\":\"https:\/\/processin-di-scarto.hr\/#\/schema\/logo\/image\/\"}}]}<\/script>\n<!-- \/ Yoast SEO plugin. -->","yoast_head_json":{"title":"Polica Privatnosti - PROCESSIN DI SCARTO","description":"PROCESSIN DI SCARTO -Dugogodi\u0161nje iskustvo s gospodarenjem neopasnog otpada koje obuhva\u0107a sve korake u procesu, od sakupljanja do zbrinjavanja, uz naglasak na odr\u017eivost i za\u0161titu okoli\u0161a.","robots":{"index":"index","follow":"follow","max-snippet":"max-snippet:-1","max-image-preview":"max-image-preview:large","max-video-preview":"max-video-preview:-1"},"canonical":"https:\/\/processin-di-scarto.hr\/en\/polica-privatnosti\/","og_locale":"en_GB","og_type":"article","og_title":"Polica Privatnosti - PROCESSIN DI SCARTO","og_description":"PROCESSIN DI SCARTO -Dugogodi\u0161nje iskustvo s gospodarenjem neopasnog otpada koje obuhva\u0107a sve korake u procesu, od sakupljanja do zbrinjavanja, uz naglasak na odr\u017eivost i za\u0161titu okoli\u0161a.","og_url":"https:\/\/processin-di-scarto.hr\/en\/polica-privatnosti\/","og_site_name":"PROCESSIN DI SCARTO","article_modified_time":"2024-05-31T11:37:36+00:00","twitter_card":"summary_large_image","twitter_misc":{"Estimated reading time":"2 minutes"},"schema":{"@context":"https:\/\/schema.org","@graph":[{"@type":"WebPage","@id":"https:\/\/processin-di-scarto.hr\/polica-privatnosti\/","url":"https:\/\/processin-di-scarto.hr\/polica-privatnosti\/","name":"Polica Privatnosti - PROCESSIN DI SCARTO","isPartOf":{"@id":"https:\/\/processin-di-scarto.hr\/#website"},"datePublished":"2024-05-09T14:51:46+00:00","dateModified":"2024-05-31T11:37:36+00:00","description":"PROCESSIN DI SCARTO -Dugogodi\u0161nje iskustvo s gospodarenjem neopasnog otpada koje obuhva\u0107a sve korake u procesu, od sakupljanja do zbrinjavanja, uz naglasak na odr\u017eivost i za\u0161titu okoli\u0161a.","breadcrumb":{"@id":"https:\/\/processin-di-scarto.hr\/polica-privatnosti\/#breadcrumb"},"inLanguage":"en-GB","potentialAction":[{"@type":"ReadAction","target":["https:\/\/processin-di-scarto.hr\/polica-privatnosti\/"]}]},{"@type":"BreadcrumbList","@id":"https:\/\/processin-di-scarto.hr\/polica-privatnosti\/#breadcrumb","itemListElement":[{"@type":"ListItem","position":1,"name":"Home","item":"https:\/\/processin-di-scarto.hr\/"},{"@type":"ListItem","position":2,"name":"Polica Privatnosti"}]},{"@type":"WebSite","@id":"https:\/\/processin-di-scarto.hr\/#website","url":"https:\/\/processin-di-scarto.hr\/","name":"PROCESSIN DI SCARTO","description":"Zbrinjavanje Neopasnog Otpada","publisher":{"@id":"https:\/\/processin-di-scarto.hr\/#organization"},"potentialAction":[{"@type":"SearchAction","target":{"@type":"EntryPoint","urlTemplate":"https:\/\/processin-di-scarto.hr\/?s={search_term_string}"},"query-input":"required name=search_term_string"}],"inLanguage":"en-GB"},{"@type":"Organization","@id":"https:\/\/processin-di-scarto.hr\/#organization","name":"PROCESSIN DI SCARTO","url":"https:\/\/processin-di-scarto.hr\/","logo":{"@type":"ImageObject","inLanguage":"en-GB","@id":"https:\/\/processin-di-scarto.hr\/#\/schema\/logo\/image\/","url":"https:\/\/processin-di-scarto.hr\/wp-content\/uploads\/2024\/10\/pds2-1.png","contentUrl":"https:\/\/processin-di-scarto.hr\/wp-content\/uploads\/2024\/10\/pds2-1.png","width":487,"height":118,"caption":"PROCESSIN DI SCARTO"},"image":{"@id":"https:\/\/processin-di-scarto.hr\/#\/schema\/logo\/image\/"}}]}},"uagb_featured_image_src":{"full":false,"thumbnail":false,"medium":false,"medium_large":false,"large":false,"1536x1536":false,"2048x2048":false,"trp-custom-language-flag":false},"uagb_author_info":{"display_name":"processinadmin","author_link":"https:\/\/processin-di-scarto.hr\/en\/author\/processinadmin\/"},"uagb_comment_info":0,"uagb_excerpt":"Polica Privatnosti Hvala vam \u0161to posje\u0107ujete web stranicu \u201chttps:\/\/processin-di-scarto.hr\/\u201d. Ova Polica privatnosti ima za cilj informirati vas o tome kako se prikupljaju, koriste i \u010duvaju informacije korisnika na ovoj web stranici. Ova web stranica koristi samo osnovne \u201ckola\u010di\u0107e\u201d kako bi pobolj\u0161ala korisni\u010dko iskustvo. Prikupljanje i upotreba podataka Kola\u010di\u0107i:&nbsp;Kola\u010di\u0107i su male datoteke privremeno pohranjene na va\u0161em&hellip;","_links":{"self":[{"href":"https:\/\/processin-di-scarto.hr\/en\/wp-json\/wp\/v2\/pages\/1340","targetHints":{"allow":["GET"]}}],"collection":[{"href":"https:\/\/processin-di-scarto.hr\/en\/wp-json\/wp\/v2\/pages"}],"about":[{"href":"https:\/\/processin-di-scarto.hr\/en\/wp-json\/wp\/v2\/types\/page"}],"author":[{"embeddable":true,"href":"https:\/\/processin-di-scarto.hr\/en\/wp-json\/wp\/v2\/users\/1"}],"replies":[{"embeddable":true,"href":"https:\/\/processin-di-scarto.hr\/en\/wp-json\/wp\/v2\/comments?post=1340"}],"version-history":[{"count":13,"href":"https:\/\/processin-di-scarto.hr\/en\/wp-json\/wp\/v2\/pages\/1340\/revisions"}],"predecessor-version":[{"id":1534,"href":"https:\/\/processin-di-scarto.hr\/en\/wp-json\/wp\/v2\/pages\/1340\/revisions\/1534"}],"wp:attachment":[{"href":"https:\/\/processin-di-scarto.hr\/en\/wp-json\/wp\/v2\/media?parent=1340"}],"curies":[{"name":"wp","href":"https:\/\/api.w.org\/{rel}","templated":true}]}}